{"id":24898,"date":"2026-02-04T21:12:39","date_gmt":"2026-02-04T20:12:39","guid":{"rendered":"https:\/\/inveralfa.com\/contacto\/"},"modified":"2026-04-27T16:23:17","modified_gmt":"2026-04-27T14:23:17","slug":"contacto","status":"publish","type":"page","link":"https:\/\/inveralfa.com\/es\/contacto\/","title":{"rendered":"Contacto"},"content":{"rendered":"\t\t<div data-elementor-type=\"wp-page\" data-elementor-id=\"24898\" class=\"elementor elementor-24898 elementor-23515\">\n\t\t\t\t\t\t<section class=\"elementor-section elementor-top-section elementor-element elementor-element-7ed12df elementor-section-boxed elementor-section-height-default elementor-section-height-default\" data-id=\"7ed12df\" data-element_type=\"section\" data-e-type=\"section\">\n\t\t\t\t\t\t<div class=\"elementor-container elementor-column-gap-extended\">\n\t\t\t\t\t<div class=\"elementor-column elementor-col-50 elementor-top-column elementor-element elementor-element-c8aa340\" data-id=\"c8aa340\" data-element_type=\"column\" data-e-type=\"column\">\n\t\t\t<div class=\"elementor-widget-wrap elementor-element-populated\">\n\t\t\t\t\t\t<div class=\"elementor-element elementor-element-bef7517 elementor-widget elementor-widget-heading\" data-id=\"bef7517\" data-element_type=\"widget\" data-e-type=\"widget\" data-widget_type=\"heading.default\">\n\t\t\t\t\t<h3 class=\"elementor-heading-title elementor-size-default\">P\u00f3ngase en contacto con nosotros para ver c\u00f3mo podemos ayudarle a usted o a su organizaci\u00f3n con servicios de consultor\u00eda o formaci\u00f3n profesional<\/h3>\t\t\t\t<\/div>\n\t\t\t\t<div class=\"elementor-element elementor-element-efec84c elementor-icon-list--layout-traditional elementor-list-item-link-full_width elementor-widget elementor-widget-icon-list\" data-id=\"efec84c\" data-element_type=\"widget\" data-e-type=\"widget\" data-widget_type=\"icon-list.default\">\n\t\t\t\t\t\t\t<ul class=\"elementor-icon-list-items\">\n\t\t\t\t\t\t\t<li class=\"elementor-icon-list-item\">\n\t\t\t\t\t\t\t\t\t\t\t<span class=\"elementor-icon-list-icon\">\n\t\t\t\t\t\t\t<i aria-hidden=\"true\" class=\"fas fa-map-marker-alt\"><\/i>\t\t\t\t\t\t<\/span>\n\t\t\t\t\t\t\t\t\t\t<span class=\"elementor-icon-list-text\">Sede en Luxemburgo<\/span>\n\t\t\t\t\t\t\t\t\t<\/li>\n\t\t\t\t\t\t\t\t<li class=\"elementor-icon-list-item\">\n\t\t\t\t\t\t\t\t\t\t\t<span class=\"elementor-icon-list-icon\">\n\t\t\t\t\t\t\t<i aria-hidden=\"true\" class=\"ri ri-cellphone-fill\"><\/i>\t\t\t\t\t\t<\/span>\n\t\t\t\t\t\t\t\t\t\t<span class=\"elementor-icon-list-text\">(+352) 621 386 158<\/span>\n\t\t\t\t\t\t\t\t\t<\/li>\n\t\t\t\t\t\t\t\t<li class=\"elementor-icon-list-item\">\n\t\t\t\t\t\t\t\t\t\t\t<a href=\"http:\/\/Sede%20en%20Luxemburgo\">\n\n\t\t\t\t\t\t\t\t\t\t\t\t<span class=\"elementor-icon-list-icon\">\n\t\t\t\t\t\t\t<i aria-hidden=\"true\" class=\"ri ri-mail-open-fill\"><\/i>\t\t\t\t\t\t<\/span>\n\t\t\t\t\t\t\t\t\t\t<span class=\"elementor-icon-list-text\">info@inveralfa.com<\/span>\n\t\t\t\t\t\t\t\t\t\t\t<\/a>\n\t\t\t\t\t\t\t\t\t<\/li>\n\t\t\t\t\t\t<\/ul>\n\t\t\t\t\t\t<\/div>\n\t\t\t\t<div class=\"elementor-element elementor-element-78ac899 elementor-widget elementor-widget-edublink-social-icons\" data-id=\"78ac899\" data-element_type=\"widget\" data-e-type=\"widget\" data-widget_type=\"edublink-social-icons.default\">\n\t\t\t\t<div class=\"elementor-widget-container\">\n\t\t\t\t\t<div class=\"edublink-social-icons-wrapper\"><a class=\"elementor-repeater-item-60bf3fe edublink-social-icon-each-item elementor-animation-\" href=\"https:\/\/www.linkedin.com\/company\/inveralfa-solutions-group\/\" target=\"_blank\"><i aria-hidden=\"true\" class=\"edublink icon-linkedin2\"><\/i><\/a><\/div>\t\t\t\t<\/div>\n\t\t\t\t<\/div>\n\t\t\t\t\t<\/div>\n\t\t<\/div>\n\t\t\t\t<div class=\"elementor-column elementor-col-50 elementor-top-column elementor-element elementor-element-88dca94\" data-id=\"88dca94\" data-element_type=\"column\" data-e-type=\"column\" data-settings=\"{&quot;background_background&quot;:&quot;classic&quot;}\">\n\t\t\t<div class=\"elementor-widget-wrap elementor-element-populated\">\n\t\t\t\t<div class=\"elementor-element elementor-element-5690efc e-con-full e-flex e-con e-child\" data-id=\"5690efc\" data-element_type=\"container\" data-e-type=\"container\">\n\t\t\t\t<div class=\"elementor-element elementor-element-5a24098 elementor-widget elementor-widget-heading\" data-id=\"5a24098\" data-element_type=\"widget\" data-e-type=\"widget\" data-widget_type=\"heading.default\">\n\t\t\t\t\t<h5 class=\"elementor-heading-title elementor-size-default\">Cont\u00e1ctenos<\/h5>\t\t\t\t<\/div>\n\t\t\t\t<div class=\"elementor-element elementor-element-3e24b46 elementor-widget elementor-widget-text-editor\" data-id=\"3e24b46\" data-element_type=\"widget\" data-e-type=\"widget\" data-widget_type=\"text-editor.default\">\n\t\t\t\t\t\t\t\t\t<p>Por favor, complete el siguiente formulario y nos pondremos en contacto con usted lo antes posible<\/p>\t\t\t\t\t\t\t\t<\/div>\n\t\t\t\t<div class=\"elementor-element elementor-element-f863717 elementor-widget elementor-widget-wpforms\" data-id=\"f863717\" data-element_type=\"widget\" data-e-type=\"widget\" data-widget_type=\"wpforms.default\">\n\t\t\t\t<div class=\"elementor-widget-container\">\n\t\t\t\t\t<div class=\"wpforms-container wpforms-container-full wpforms-render-modern\" id=\"wpforms-24534\"><form id=\"wpforms-form-24534\" class=\"wpforms-validate wpforms-form wpforms-ajax-form\" data-formid=\"24534\" method=\"post\" enctype=\"multipart\/form-data\" action=\"\/es\/wp-json\/wp\/v2\/pages\/24898\" data-token=\"a2930c148925147d0ff8662a4d11150d\" data-token-time=\"1777516719\"><noscript class=\"wpforms-error-noscript\">Por favor, activa JavaScript en tu navegador para completar este formulario.<\/noscript><div id=\"wpforms-error-noscript\" style=\"display: none;\">Por favor, activa JavaScript en tu navegador para completar este formulario.<\/div><div class=\"wpforms-field-container\"><div id=\"wpforms-24534-field_1-container\" class=\"wpforms-field wpforms-field-name\" data-field-id=\"1\"><fieldset><legend class=\"wpforms-field-label\">Name <span class=\"wpforms-required-label\" aria-hidden=\"true\">*<\/span><\/legend><div class=\"wpforms-field-row wpforms-field-large\"><div class=\"wpforms-field-row-block wpforms-first wpforms-one-half\"><input type=\"text\" id=\"wpforms-24534-field_1\" class=\"wpforms-field-name-first wpforms-field-required\" name=\"wpforms[fields][1][first]\" aria-errormessage=\"wpforms-24534-field_1-error\" required><label for=\"wpforms-24534-field_1\" class=\"wpforms-field-sublabel after\">Nombre<\/label><\/div><div class=\"wpforms-field-row-block wpforms-one-half\"><input type=\"text\" id=\"wpforms-24534-field_1-last\" class=\"wpforms-field-name-last wpforms-field-required\" name=\"wpforms[fields][1][last]\" aria-errormessage=\"wpforms-24534-field_1-last-error\" required><label for=\"wpforms-24534-field_1-last\" class=\"wpforms-field-sublabel after\">Apellidos<\/label><\/div><\/div><\/fieldset><\/div><div id=\"wpforms-24534-field_2-container\" class=\"wpforms-field wpforms-field-email\" data-field-id=\"2\"><fieldset><legend class=\"wpforms-field-label\">Email <span class=\"wpforms-required-label\" aria-hidden=\"true\">*<\/span><\/legend><div class=\"wpforms-field-row wpforms-field-large\"><div class=\"wpforms-field-row-block wpforms-one-half wpforms-first\"><input type=\"email\" id=\"wpforms-24534-field_2\" class=\"wpforms-field-required wpforms-field-email-primary\" name=\"wpforms[fields][2][primary]\" spellcheck=\"false\" aria-errormessage=\"wpforms-24534-field_2-error\" required><label for=\"wpforms-24534-field_2\" class=\"wpforms-field-sublabel after\">Correo electr\u00f3nico<\/label><\/div><div class=\"wpforms-field-row-block wpforms-one-half\"><input type=\"email\" id=\"wpforms-24534-field_2-secondary\" class=\"wpforms-field-email-secondary wpforms-field-required\" data-rule-confirm=\"#wpforms-24534-field_2\" name=\"wpforms[fields][2][secondary]\" spellcheck=\"false\" aria-errormessage=\"wpforms-24534-field_2-secondary-error\" required><label for=\"wpforms-24534-field_2-secondary\" class=\"wpforms-field-sublabel after\">Confirmar el correo electr\u00f3nico<\/label><\/div><\/div><\/fieldset><\/div><div id=\"wpforms-24534-field_4-container\" class=\"wpforms-field wpforms-field-phone\" data-field-id=\"4\"><label class=\"wpforms-field-label\" for=\"wpforms-24534-field_4\">Tel\u00e9fono<\/label><input type=\"tel\" id=\"wpforms-24534-field_4\" class=\"wpforms-field-large\" data-rule-int-phone-field=\"true\" name=\"wpforms[fields][4]\" aria-label=\"Tel\u00e9fono\" aria-errormessage=\"wpforms-24534-field_4-error\" ><\/div><div id=\"wpforms-24534-field_8-container\" class=\"wpforms-field wpforms-field-select wpforms-field-select-style-classic\" data-field-id=\"8\"><label class=\"wpforms-field-label\" for=\"wpforms-24534-field_8\">\u00bfEn qu\u00e9 servicio est\u00e1 interesado? <span class=\"wpforms-required-label\" aria-hidden=\"true\">*<\/span><\/label><select id=\"wpforms-24534-field_8\" class=\"wpforms-field-medium wpforms-field-required\" name=\"wpforms[fields][8]\" required=\"required\"><option value=\"\" class=\"placeholder\" disabled  selected='selected'>Por favor, seleccione una opci\u00f3n<\/option><option value=\"Data Protection Services\"  class=\"choice-1 depth-1\"  >Data Protection Services<\/option><option value=\"Acceso al mercado de Luxemburgo &amp; Colaboraci\u00f3n con socios locales\"  class=\"choice-2 depth-1\"  >Acceso al mercado de Luxemburgo &amp; Colaboraci\u00f3n con socios locales<\/option><option value=\"Servicios de Consejeros Independientes\"  class=\"choice-3 depth-1\"  >Servicios de Consejeros Independientes<\/option><option value=\"Soluciones de Formaci\u00f3n\"  class=\"choice-5 depth-1\"  >Soluciones de Formaci\u00f3n<\/option><option value=\"Otros servicios\"  class=\"choice-4 depth-1\"  >Otros servicios<\/option><\/select><\/div>\t\t<div id=\"wpforms-24534-field_7-container\"\n\t\t\tclass=\"wpforms-field wpforms-field-text\"\n\t\t\tdata-field-type=\"text\"\n\t\t\tdata-field-id=\"7\"\n\t\t\t>\n\t\t\t<label class=\"wpforms-field-label\" for=\"wpforms-24534-field_7\" >servicio Mensaje Comentario<\/label>\n\t\t\t<input type=\"text\" id=\"wpforms-24534-field_7\" class=\"wpforms-field-medium\" name=\"wpforms[fields][7]\" >\n\t\t<\/div>\n\t\t<div id=\"wpforms-24534-field_5-container\" class=\"wpforms-field wpforms-field-text\" data-field-id=\"5\"><label class=\"wpforms-field-label\" for=\"wpforms-24534-field_5\">Asunto<\/label><input type=\"text\" id=\"wpforms-24534-field_5\" class=\"wpforms-field-large\" name=\"wpforms[fields][5]\" aria-errormessage=\"wpforms-24534-field_5-error\" ><\/div><div id=\"wpforms-24534-field_6-container\" class=\"wpforms-field wpforms-field-layout\" data-field-id=\"6\"><\/div><div id=\"wpforms-24534-field_3-container\" class=\"wpforms-field wpforms-field-textarea\" data-field-id=\"3\"><label class=\"wpforms-field-label\" for=\"wpforms-24534-field_3\">Comentario o Mensaje <span class=\"wpforms-required-label\" aria-hidden=\"true\">*<\/span><\/label><textarea id=\"wpforms-24534-field_3\" class=\"wpforms-field-medium wpforms-field-required\" name=\"wpforms[fields][3]\" aria-errormessage=\"wpforms-24534-field_3-error\" required><\/textarea><\/div><div id=\"wpforms-24534-field_9-container\" class=\"wpforms-field wpforms-field-gdpr-checkbox\" data-field-id=\"9\"><ul id=\"wpforms-24534-field_9\" class=\"wpforms-field-required\"><li class=\"choice-1\"><input type=\"checkbox\" id=\"wpforms-24534-field_9_1\" name=\"wpforms[fields][9][]\" value=\"He le\u00eddo la pol\u00edtica de privacidad y acepto el tratamiento de mis datos personales de conformidad con la misma\" aria-errormessage=\"wpforms-24534-field_9_1-error\" required ><label class=\"wpforms-field-label-inline\" for=\"wpforms-24534-field_9_1\">He le\u00eddo la pol\u00edtica de privacidad y acepto el tratamiento de mis datos personales de conformidad con la misma<\/label><\/li><\/ul><\/div><script>\n\t\t\t\t( function() {\n\t\t\t\t\tconst style = document.createElement( 'style' );\n\t\t\t\t\tstyle.appendChild( document.createTextNode( '#wpforms-24534-field_7-container { position: absolute !important; overflow: hidden !important; display: inline !important; height: 1px !important; width: 1px !important; z-index: -1000 !important; padding: 0 !important; } #wpforms-24534-field_7-container input { visibility: hidden; } #wpforms-conversational-form-page #wpforms-24534-field_7-container label { counter-increment: none; }' ) );\n\t\t\t\t\tdocument.head.appendChild( style );\n\t\t\t\t\tdocument.currentScript?.remove();\n\t\t\t\t} )();\n\t\t\t<\/script><\/div><!-- .wpforms-field-container --><div class=\"wpforms-recaptcha-container wpforms-is-recaptcha wpforms-is-recaptcha-type-v3\" ><input type=\"hidden\" name=\"wpforms[recaptcha]\" value=\"\"><\/div><div class=\"wpforms-submit-container\" ><input type=\"hidden\" name=\"wpforms[id]\" value=\"24534\"><input type=\"hidden\" name=\"page_title\" value=\"\"><input type=\"hidden\" name=\"page_url\" value=\"https:\/\/inveralfa.com\/es\/wp-json\/wp\/v2\/pages\/24898\"><input type=\"hidden\" name=\"url_referer\" value=\"\"><button type=\"submit\" name=\"wpforms[submit]\" id=\"wpforms-submit-24534\" class=\"wpforms-submit\" data-alt-text=\"Sending...\" data-submit-text=\"Enviar\" aria-live=\"assertive\" value=\"wpforms-submit\">Enviar<\/button><img decoding=\"async\" src=\"https:\/\/inveralfa.com\/wp-content\/plugins\/wpforms\/assets\/images\/submit-spin.svg\" class=\"wpforms-submit-spinner\" style=\"display: none;\" width=\"26\" height=\"26\" alt=\"Cargando\"><\/div><\/form><\/div>  <!-- .wpforms-container -->\t\t\t\t<\/div>\n\t\t\t\t<\/div>\n\t\t\t\t<\/div>\n\t\t\t\t\t<\/div>\n\t\t<\/div>\n\t\t\t\t\t<\/div>\n\t\t<\/section>\n\t\t\t\t<\/div>\n\t\t","protected":false},"excerpt":{"rendered":"<p>P\u00f3ngase en contacto con nosotros para ver c\u00f3mo podemos ayudarle a usted o a su organizaci\u00f3n con servicios de consultor\u00eda o formaci\u00f3n profesional Sede en Luxemburgo (+352) 621 386 158 info@inveralfa.com Cont\u00e1ctenos Por favor, complete el siguiente formulario y nos pondremos en contacto con usted lo antes posible Please enable JavaScript in your browser to&#8230;<\/p>\n","protected":false},"author":1,"featured_media":24897,"parent":0,"menu_order":0,"comment_status":"closed","ping_status":"closed","template":"","meta":{"footnotes":""},"class_list":["post-24898","page","type-page","status-publish","has-post-thumbnail","hentry"],"yoast_head":"<!-- This site is optimized with the Yoast SEO plugin v27.5 - https:\/\/yoast.com\/product\/yoast-seo-wordpress\/ -->\n<title>Contacto Inveralfa | Asesoramiento y Formaci\u00f3n en Luxemburgo<\/title>\n<meta name=\"description\" content=\"Contacte con Inveralfa Solutions Group para servicios de asesoramiento estrat\u00e9gico, RGPD, gobernanza, entrada en el mercado o formaci\u00f3n profesional en Luxemburgo y en toda Europa.\" \/>\n<meta name=\"robots\" content=\"index, follow, max-snippet:-1, max-image-preview:large, max-video-preview:-1\" \/>\n<link rel=\"canonical\" href=\"https:\/\/inveralfa.com\/es\/contacto\/\" \/>\n<meta property=\"og:locale\" content=\"es_ES\" \/>\n<meta property=\"og:type\" content=\"article\" \/>\n<meta property=\"og:title\" content=\"Contacto Inveralfa | Asesoramiento y Formaci\u00f3n en Luxemburgo\" \/>\n<meta property=\"og:description\" content=\"Contacte con Inveralfa Solutions Group para servicios de asesoramiento estrat\u00e9gico, RGPD, gobernanza, entrada en el mercado o formaci\u00f3n profesional en Luxemburgo y en toda Europa.\" \/>\n<meta property=\"og:url\" content=\"https:\/\/inveralfa.com\/es\/contacto\/\" \/>\n<meta property=\"og:site_name\" content=\"Inveralfa Solutions Group\" \/>\n<meta property=\"article:modified_time\" content=\"2026-04-27T14:23:17+00:00\" \/>\n<meta property=\"og:image\" content=\"https:\/\/inveralfa.com\/wp-content\/uploads\/2026\/04\/AdobeStock_693478086-modified-scaled.jpeg\" \/>\n\t<meta property=\"og:image:width\" content=\"2560\" \/>\n\t<meta property=\"og:image:height\" content=\"1707\" \/>\n\t<meta property=\"og:image:type\" content=\"image\/jpeg\" \/>\n<meta name=\"twitter:card\" content=\"summary_large_image\" \/>\n<meta name=\"twitter:label1\" content=\"Tiempo de lectura\" \/>\n\t<meta name=\"twitter:data1\" content=\"1 minuto\" \/>\n<script type=\"application\/ld+json\" class=\"yoast-schema-graph\">{\"@context\":\"https:\\\/\\\/schema.org\",\"@graph\":[{\"@type\":\"WebPage\",\"@id\":\"https:\\\/\\\/inveralfa.com\\\/es\\\/contacto\\\/\",\"url\":\"https:\\\/\\\/inveralfa.com\\\/es\\\/contacto\\\/\",\"name\":\"Contacto Inveralfa | Asesoramiento y Formaci\u00f3n en Luxemburgo\",\"isPartOf\":{\"@id\":\"https:\\\/\\\/inveralfa.com\\\/es\\\/#website\"},\"primaryImageOfPage\":{\"@id\":\"https:\\\/\\\/inveralfa.com\\\/es\\\/contacto\\\/#primaryimage\"},\"image\":{\"@id\":\"https:\\\/\\\/inveralfa.com\\\/es\\\/contacto\\\/#primaryimage\"},\"thumbnailUrl\":\"https:\\\/\\\/inveralfa.com\\\/wp-content\\\/uploads\\\/2026\\\/04\\\/AdobeStock_693478086-modified-scaled.jpeg\",\"datePublished\":\"2026-02-04T20:12:39+00:00\",\"dateModified\":\"2026-04-27T14:23:17+00:00\",\"description\":\"Contacte con Inveralfa Solutions Group para servicios de asesoramiento estrat\u00e9gico, RGPD, gobernanza, entrada en el mercado o formaci\u00f3n profesional en Luxemburgo y en toda Europa.\",\"breadcrumb\":{\"@id\":\"https:\\\/\\\/inveralfa.com\\\/es\\\/contacto\\\/#breadcrumb\"},\"inLanguage\":\"es\",\"potentialAction\":[{\"@type\":\"ReadAction\",\"target\":[\"https:\\\/\\\/inveralfa.com\\\/es\\\/contacto\\\/\"]}]},{\"@type\":\"ImageObject\",\"inLanguage\":\"es\",\"@id\":\"https:\\\/\\\/inveralfa.com\\\/es\\\/contacto\\\/#primaryimage\",\"url\":\"https:\\\/\\\/inveralfa.com\\\/wp-content\\\/uploads\\\/2026\\\/04\\\/AdobeStock_693478086-modified-scaled.jpeg\",\"contentUrl\":\"https:\\\/\\\/inveralfa.com\\\/wp-content\\\/uploads\\\/2026\\\/04\\\/AdobeStock_693478086-modified-scaled.jpeg\",\"width\":2560,\"height\":1707},{\"@type\":\"BreadcrumbList\",\"@id\":\"https:\\\/\\\/inveralfa.com\\\/es\\\/contacto\\\/#breadcrumb\",\"itemListElement\":[{\"@type\":\"ListItem\",\"position\":1,\"name\":\"Home\",\"item\":\"https:\\\/\\\/inveralfa.com\\\/es\\\/\"},{\"@type\":\"ListItem\",\"position\":2,\"name\":\"Contacto\"}]},{\"@type\":\"WebSite\",\"@id\":\"https:\\\/\\\/inveralfa.com\\\/es\\\/#website\",\"url\":\"https:\\\/\\\/inveralfa.com\\\/es\\\/\",\"name\":\"Inveralfa Solutions Group\",\"description\":\"Strategic Consulting and Training Solutions from Luxembourg\",\"publisher\":{\"@id\":\"https:\\\/\\\/inveralfa.com\\\/es\\\/#organization\"},\"potentialAction\":[{\"@type\":\"SearchAction\",\"target\":{\"@type\":\"EntryPoint\",\"urlTemplate\":\"https:\\\/\\\/inveralfa.com\\\/es\\\/?s={search_term_string}\"},\"query-input\":{\"@type\":\"PropertyValueSpecification\",\"valueRequired\":true,\"valueName\":\"search_term_string\"}}],\"inLanguage\":\"es\"},{\"@type\":\"Organization\",\"@id\":\"https:\\\/\\\/inveralfa.com\\\/es\\\/#organization\",\"name\":\"Inveralfa Solutions Group\",\"url\":\"https:\\\/\\\/inveralfa.com\\\/es\\\/\",\"logo\":{\"@type\":\"ImageObject\",\"inLanguage\":\"es\",\"@id\":\"https:\\\/\\\/inveralfa.com\\\/es\\\/#\\\/schema\\\/logo\\\/image\\\/\",\"url\":\"https:\\\/\\\/inveralfa.com\\\/wp-content\\\/uploads\\\/2026\\\/02\\\/cropped-Inveralfa-1-e1775120973599.png\",\"contentUrl\":\"https:\\\/\\\/inveralfa.com\\\/wp-content\\\/uploads\\\/2026\\\/02\\\/cropped-Inveralfa-1-e1775120973599.png\",\"width\":150,\"height\":49,\"caption\":\"Inveralfa Solutions Group\"},\"image\":{\"@id\":\"https:\\\/\\\/inveralfa.com\\\/es\\\/#\\\/schema\\\/logo\\\/image\\\/\"}}]}<\/script>\n<!-- \/ Yoast SEO plugin. -->","yoast_head_json":{"title":"Contacto Inveralfa | Asesoramiento y Formaci\u00f3n en Luxemburgo","description":"Contacte con Inveralfa Solutions Group para servicios de asesoramiento estrat\u00e9gico, RGPD, gobernanza, entrada en el mercado o formaci\u00f3n profesional en Luxemburgo y en toda Europa.","robots":{"index":"index","follow":"follow","max-snippet":"max-snippet:-1","max-image-preview":"max-image-preview:large","max-video-preview":"max-video-preview:-1"},"canonical":"https:\/\/inveralfa.com\/es\/contacto\/","og_locale":"es_ES","og_type":"article","og_title":"Contacto Inveralfa | Asesoramiento y Formaci\u00f3n en Luxemburgo","og_description":"Contacte con Inveralfa Solutions Group para servicios de asesoramiento estrat\u00e9gico, RGPD, gobernanza, entrada en el mercado o formaci\u00f3n profesional en Luxemburgo y en toda Europa.","og_url":"https:\/\/inveralfa.com\/es\/contacto\/","og_site_name":"Inveralfa Solutions Group","article_modified_time":"2026-04-27T14:23:17+00:00","og_image":[{"width":2560,"height":1707,"url":"https:\/\/inveralfa.com\/wp-content\/uploads\/2026\/04\/AdobeStock_693478086-modified-scaled.jpeg","type":"image\/jpeg"}],"twitter_card":"summary_large_image","twitter_misc":{"Tiempo de lectura":"1 minuto"},"schema":{"@context":"https:\/\/schema.org","@graph":[{"@type":"WebPage","@id":"https:\/\/inveralfa.com\/es\/contacto\/","url":"https:\/\/inveralfa.com\/es\/contacto\/","name":"Contacto Inveralfa | Asesoramiento y Formaci\u00f3n en Luxemburgo","isPartOf":{"@id":"https:\/\/inveralfa.com\/es\/#website"},"primaryImageOfPage":{"@id":"https:\/\/inveralfa.com\/es\/contacto\/#primaryimage"},"image":{"@id":"https:\/\/inveralfa.com\/es\/contacto\/#primaryimage"},"thumbnailUrl":"https:\/\/inveralfa.com\/wp-content\/uploads\/2026\/04\/AdobeStock_693478086-modified-scaled.jpeg","datePublished":"2026-02-04T20:12:39+00:00","dateModified":"2026-04-27T14:23:17+00:00","description":"Contacte con Inveralfa Solutions Group para servicios de asesoramiento estrat\u00e9gico, RGPD, gobernanza, entrada en el mercado o formaci\u00f3n profesional en Luxemburgo y en toda Europa.","breadcrumb":{"@id":"https:\/\/inveralfa.com\/es\/contacto\/#breadcrumb"},"inLanguage":"es","potentialAction":[{"@type":"ReadAction","target":["https:\/\/inveralfa.com\/es\/contacto\/"]}]},{"@type":"ImageObject","inLanguage":"es","@id":"https:\/\/inveralfa.com\/es\/contacto\/#primaryimage","url":"https:\/\/inveralfa.com\/wp-content\/uploads\/2026\/04\/AdobeStock_693478086-modified-scaled.jpeg","contentUrl":"https:\/\/inveralfa.com\/wp-content\/uploads\/2026\/04\/AdobeStock_693478086-modified-scaled.jpeg","width":2560,"height":1707},{"@type":"BreadcrumbList","@id":"https:\/\/inveralfa.com\/es\/contacto\/#breadcrumb","itemListElement":[{"@type":"ListItem","position":1,"name":"Home","item":"https:\/\/inveralfa.com\/es\/"},{"@type":"ListItem","position":2,"name":"Contacto"}]},{"@type":"WebSite","@id":"https:\/\/inveralfa.com\/es\/#website","url":"https:\/\/inveralfa.com\/es\/","name":"Inveralfa Solutions Group","description":"Strategic Consulting and Training Solutions from Luxembourg","publisher":{"@id":"https:\/\/inveralfa.com\/es\/#organization"},"potentialAction":[{"@type":"SearchAction","target":{"@type":"EntryPoint","urlTemplate":"https:\/\/inveralfa.com\/es\/?s={search_term_string}"},"query-input":{"@type":"PropertyValueSpecification","valueRequired":true,"valueName":"search_term_string"}}],"inLanguage":"es"},{"@type":"Organization","@id":"https:\/\/inveralfa.com\/es\/#organization","name":"Inveralfa Solutions Group","url":"https:\/\/inveralfa.com\/es\/","logo":{"@type":"ImageObject","inLanguage":"es","@id":"https:\/\/inveralfa.com\/es\/#\/schema\/logo\/image\/","url":"https:\/\/inveralfa.com\/wp-content\/uploads\/2026\/02\/cropped-Inveralfa-1-e1775120973599.png","contentUrl":"https:\/\/inveralfa.com\/wp-content\/uploads\/2026\/02\/cropped-Inveralfa-1-e1775120973599.png","width":150,"height":49,"caption":"Inveralfa Solutions Group"},"image":{"@id":"https:\/\/inveralfa.com\/es\/#\/schema\/logo\/image\/"}}]}},"_links":{"self":[{"href":"https:\/\/inveralfa.com\/es\/wp-json\/wp\/v2\/pages\/24898","targetHints":{"allow":["GET"]}}],"collection":[{"href":"https:\/\/inveralfa.com\/es\/wp-json\/wp\/v2\/pages"}],"about":[{"href":"https:\/\/inveralfa.com\/es\/wp-json\/wp\/v2\/types\/page"}],"author":[{"embeddable":true,"href":"https:\/\/inveralfa.com\/es\/wp-json\/wp\/v2\/users\/1"}],"replies":[{"embeddable":true,"href":"https:\/\/inveralfa.com\/es\/wp-json\/wp\/v2\/comments?post=24898"}],"version-history":[{"count":1,"href":"https:\/\/inveralfa.com\/es\/wp-json\/wp\/v2\/pages\/24898\/revisions"}],"predecessor-version":[{"id":24899,"href":"https:\/\/inveralfa.com\/es\/wp-json\/wp\/v2\/pages\/24898\/revisions\/24899"}],"wp:featuredmedia":[{"embeddable":true,"href":"https:\/\/inveralfa.com\/es\/wp-json\/wp\/v2\/media\/24897"}],"wp:attachment":[{"href":"https:\/\/inveralfa.com\/es\/wp-json\/wp\/v2\/media?parent=24898"}],"curies":[{"name":"wp","href":"https:\/\/api.w.org\/{rel}","templated":true}]}}