{"id":24938,"date":"2026-02-04T15:49:38","date_gmt":"2026-02-04T14:49:38","guid":{"rendered":"https:\/\/inveralfa.com\/lola-aparicio\/"},"modified":"2026-04-27T22:26:22","modified_gmt":"2026-04-27T20:26:22","slug":"lola-aparicio","status":"publish","type":"page","link":"https:\/\/inveralfa.com\/es\/lola-aparicio\/","title":{"rendered":"Lola Aparicio"},"content":{"rendered":"\t\t<div data-elementor-type=\"wp-page\" data-elementor-id=\"24938\" class=\"elementor elementor-24938 elementor-23467\">\n\t\t\t\t\t\t<section class=\"elementor-section elementor-top-section elementor-element elementor-element-f068db3 elementor-section-boxed elementor-section-height-default elementor-section-height-default\" data-id=\"f068db3\" data-element_type=\"section\" data-e-type=\"section\">\n\t\t\t\t\t\t<div class=\"elementor-container elementor-column-gap-extended\">\n\t\t\t\t\t<div class=\"elementor-column elementor-col-50 elementor-top-column elementor-element elementor-element-942e51f\" data-id=\"942e51f\" data-element_type=\"column\" data-e-type=\"column\">\n\t\t\t<div class=\"elementor-widget-wrap elementor-element-populated\">\n\t\t\t\t\t\t<div class=\"elementor-element elementor-element-1ca56ff elementor-widget elementor-widget-image\" data-id=\"1ca56ff\" data-element_type=\"widget\" data-e-type=\"widget\" data-widget_type=\"image.default\">\n\t\t\t\t\t\t\t\t\t\t\t\t\t\t\t<img decoding=\"async\" width=\"200\" height=\"200\" src=\"https:\/\/inveralfa.com\/wp-content\/uploads\/2026\/02\/Lola-Aparicio.jpeg\" class=\"attachment-full size-full wp-image-24900\" alt=\"\" srcset=\"https:\/\/inveralfa.com\/wp-content\/uploads\/2026\/02\/Lola-Aparicio.jpeg 200w, https:\/\/inveralfa.com\/wp-content\/uploads\/2026\/02\/Lola-Aparicio-150x150.jpeg 150w, https:\/\/inveralfa.com\/wp-content\/uploads\/2026\/02\/Lola-Aparicio-100x100.jpeg 100w\" sizes=\"(max-width: 200px) 100vw, 200px\" \/>\t\t\t\t\t\t\t\t\t\t\t\t\t\t\t<\/div>\n\t\t\t\t<div class=\"elementor-element elementor-element-95d8acb elementor-shape-circle elementor-grid-0 e-grid-align-center elementor-widget elementor-widget-social-icons\" data-id=\"95d8acb\" data-element_type=\"widget\" data-e-type=\"widget\" data-widget_type=\"social-icons.default\">\n\t\t\t\t\t\t\t<div class=\"elementor-social-icons-wrapper elementor-grid\">\n\t\t\t\t\t\t\t<span class=\"elementor-grid-item\">\n\t\t\t\t\t<a class=\"elementor-icon elementor-social-icon elementor-social-icon-icon-linkedin2 elementor-repeater-item-25f69fd\" href=\"https:\/\/www.linkedin.com\/in\/lola-aparicio-palacios-5b7a8038\/\" target=\"_blank\">\n\t\t\t\t\t\t<span class=\"elementor-screen-only\">Icon-linkedin2<\/span>\n\t\t\t\t\t\t<i aria-hidden=\"true\" class=\"edublink icon-linkedin2\"><\/i>\t\t\t\t\t<\/a>\n\t\t\t\t<\/span>\n\t\t\t\t\t<\/div>\n\t\t\t\t\t\t<\/div>\n\t\t\t\t\t<\/div>\n\t\t<\/div>\n\t\t\t\t<div class=\"elementor-column elementor-col-50 elementor-top-column elementor-element elementor-element-b2eb3e1\" data-id=\"b2eb3e1\" data-element_type=\"column\" data-e-type=\"column\">\n\t\t\t<div class=\"elementor-widget-wrap elementor-element-populated\">\n\t\t\t\t\t\t<section class=\"elementor-section elementor-inner-section elementor-element elementor-element-f67cf7f elementor-section-full_width elementor-section-height-default elementor-section-height-default\" data-id=\"f67cf7f\" data-element_type=\"section\" data-e-type=\"section\">\n\t\t\t\t\t\t<div class=\"elementor-container elementor-column-gap-no\">\n\t\t\t\t\t<div class=\"elementor-column elementor-col-100 elementor-inner-column elementor-element elementor-element-2dfc4ad\" data-id=\"2dfc4ad\" data-element_type=\"column\" data-e-type=\"column\">\n\t\t\t<div class=\"elementor-widget-wrap elementor-element-populated\">\n\t\t\t\t\t\t<div class=\"elementor-element elementor-element-5fbf9d4 elementor-widget elementor-widget-heading\" data-id=\"5fbf9d4\" data-element_type=\"widget\" data-e-type=\"widget\" data-widget_type=\"heading.default\">\n\t\t\t\t\t<h3 class=\"elementor-heading-title elementor-size-default\">Lola Aparicio<\/h3>\t\t\t\t<\/div>\n\t\t\t\t<div class=\"elementor-element elementor-element-826175f elementor-widget elementor-widget-text-editor\" data-id=\"826175f\" data-element_type=\"widget\" data-e-type=\"widget\" data-widget_type=\"text-editor.default\">\n\t\t\t\t\t\t\t\t\t<p>Managing Director &#8211; Inveralfa Solutions Group<\/p>\t\t\t\t\t\t\t\t<\/div>\n\t\t\t\t\t<\/div>\n\t\t<\/div>\n\t\t\t\t\t<\/div>\n\t\t<\/section>\n\t\t\t\t<section class=\"elementor-section elementor-inner-section elementor-element elementor-element-bdfe249 elementor-section-full_width elementor-section-height-default elementor-section-height-default\" data-id=\"bdfe249\" data-element_type=\"section\" data-e-type=\"section\">\n\t\t\t\t\t\t<div class=\"elementor-container elementor-column-gap-no\">\n\t\t\t\t\t<div class=\"elementor-column elementor-col-100 elementor-inner-column elementor-element elementor-element-4ed3b89\" data-id=\"4ed3b89\" data-element_type=\"column\" data-e-type=\"column\">\n\t\t\t<div class=\"elementor-widget-wrap elementor-element-populated\">\n\t\t\t\t\t\t<div class=\"elementor-element elementor-element-19e6cf2 elementor-widget elementor-widget-heading\" data-id=\"19e6cf2\" data-element_type=\"widget\" data-e-type=\"widget\" data-widget_type=\"heading.default\">\n\t\t\t\t\t<h4 class=\"elementor-heading-title elementor-size-default\">Sobre nosotros<\/h4>\t\t\t\t<\/div>\n\t\t\t\t<div class=\"elementor-element elementor-element-69c9485 elementor-widget elementor-widget-text-editor\" data-id=\"69c9485\" data-element_type=\"widget\" data-e-type=\"widget\" data-widget_type=\"text-editor.default\">\n\t\t\t\t\t\t\t\t\t<p>Lola Aparicio Palacios es <strong>consultora s\u00e9nior en protecci\u00f3n de datos y privacidad,<\/strong> con m\u00e1s de 15 a\u00f1os de experiencia ayudando a las organizaciones a desenvolverse en entornos normativos complejos y a crear marcos de cumplimiento normativos s\u00f3lidos y pr\u00e1cticos.<\/p><p>Est\u00e1 especializada en legislaci\u00f3n europea sobre protecci\u00f3n de datos y cuenta con una amplia experiencia en GDPR y en normativa sobre protecci\u00f3n de datos. Lola colabora estrechamente con las empresas para traducir los requisitos legales en soluciones operativas eficaces, prestando apoyo en materia de gesti\u00f3n de la privacidad, evaluaciones de riesgos, pol\u00edticas internas y programas de cumplimiento normativo.<\/p><p>A lo largo de su carrera, ha asesorado a organizaciones tanto p\u00fablicas como privadas de diversos sectores, actuando como colaboradora de confianza en materia de estrategia de protecci\u00f3n de datos, implementaci\u00f3n y cumplimiento normativo continuo. Su enfoque combina la rigurosidad jur\u00eddica con un profundo conocimiento de la realidad empresarial, lo que permite a los clientes gestionar los riesgos al mismo tiempo que favorece la innovaci\u00f3n y el crecimiento.<\/p><p>Lola destaca por su estilo pragm\u00e1tico y pr\u00e1ctico, as\u00ed como por su capacidad para explicar conceptos complejos sobre privacidad de forma clara y accesible.<\/p>\t\t\t\t\t\t\t\t<\/div>\n\t\t\t\t\t<\/div>\n\t\t<\/div>\n\t\t\t\t\t<\/div>\n\t\t<\/section>\n\t\t\t\t<section class=\"elementor-section elementor-inner-section elementor-element elementor-element-a89434b elementor-section-full_width elementor-section-height-default elementor-section-height-default\" data-id=\"a89434b\" data-element_type=\"section\" data-e-type=\"section\">\n\t\t\t\t\t\t<div class=\"elementor-container elementor-column-gap-no\">\n\t\t\t\t\t<div class=\"elementor-column elementor-col-100 elementor-inner-column elementor-element elementor-element-15fd3c5\" data-id=\"15fd3c5\" data-element_type=\"column\" data-e-type=\"column\">\n\t\t\t<div class=\"elementor-widget-wrap elementor-element-populated\">\n\t\t\t\t\t\t<div class=\"elementor-element elementor-element-e638799 elementor-widget elementor-widget-heading\" data-id=\"e638799\" data-element_type=\"widget\" data-e-type=\"widget\" data-widget_type=\"heading.default\">\n\t\t\t\t\t<h4 class=\"elementor-heading-title elementor-size-default\">Contacto<\/h4>\t\t\t\t<\/div>\n\t\t\t\t<div class=\"elementor-element elementor-element-622b884 elementor-widget elementor-widget-text-editor\" data-id=\"622b884\" data-element_type=\"widget\" data-e-type=\"widget\" data-widget_type=\"text-editor.default\">\n\t\t\t\t\t\t\t\t\t<p><span class=\"edublink-font-secondary edublink-color-heading edublink-p-semi-bold\">Email:<\/span> lola.aparicio@inveralfa.com<br><span class=\"edublink-font-secondary edublink-color-heading edublink-p-semi-bold\">Tel\u00e9fono:<\/span> <a class=\"edublink-color-body\" href=\"tel:+011235641\">+352<\/a> 621 390 962<\/p>\t\t\t\t\t\t\t\t<\/div>\n\t\t\t\t\t<\/div>\n\t\t<\/div>\n\t\t\t\t\t<\/div>\n\t\t<\/section>\n\t\t\t\t\t<\/div>\n\t\t<\/div>\n\t\t\t\t\t<\/div>\n\t\t<\/section>\n\t\t\t\t<section class=\"elementor-section elementor-top-section elementor-element elementor-element-cbb9344 elementor-section-boxed elementor-section-height-default elementor-section-height-default\" data-id=\"cbb9344\" data-element_type=\"section\" data-e-type=\"section\" data-settings=\"{&quot;background_background&quot;:&quot;classic&quot;}\">\n\t\t\t\t\t\t<div class=\"elementor-container elementor-column-gap-extended\">\n\t\t\t\t\t<div class=\"elementor-column elementor-col-100 elementor-top-column elementor-element elementor-element-82aa0bd\" data-id=\"82aa0bd\" data-element_type=\"column\" data-e-type=\"column\">\n\t\t\t<div class=\"elementor-widget-wrap elementor-element-populated\">\n\t\t\t\t\t\t<div class=\"elementor-element elementor-element-9d0cd3a elementor-invisible elementor-widget elementor-widget-edublink-heading\" data-id=\"9d0cd3a\" data-element_type=\"widget\" data-e-type=\"widget\" data-settings=\"{&quot;_animation&quot;:&quot;edublink--slide-up&quot;,&quot;_animation_delay&quot;:150}\" data-widget_type=\"edublink-heading.default\">\n\t\t\t\t<div class=\"elementor-widget-container\">\n\t\t\t\t\t<div class=\"edublink-section-heading\"><h3 class=\"heading\">Cursos frecuentemente solicitados<\/h3><\/div>\t\t\t\t<\/div>\n\t\t\t\t<\/div>\n\t\t\t\t<div class=\"elementor-element elementor-element-017c1e6 elementor-widget elementor-widget-edublink-tl-courses\" data-id=\"017c1e6\" data-element_type=\"widget\" data-e-type=\"widget\" data-widget_type=\"edublink-tl-courses.default\">\n\t\t\t\t<div class=\"elementor-widget-container\">\n\t\t\t\t\t<div class=\"edublink-course-widget-wrapper\"><div class=\"eb-tutor-archive-courses edublink-course-archive edublink-lms-courses-grid active-white-bg edublink-row\"><\/div><\/div><div class=\"tutor-modal tutor-login-modal\" role=\"dialog\" aria-modal=\"true\" aria-labelledby=\"tutor-login-modal-title\" aria-hidden=\"true\">\n\t<div class=\"tutor-modal-overlay\"><\/div>\n\t<div class=\"tutor-modal-window tutor-modal-window-sm\">\n\t\t<div class=\"tutor-modal-content tutor-modal-content-white\">\n\t\t\t<button class=\"tutor-iconic-btn tutor-modal-close-o\" data-tutor-modal-close aria-label=\"Close login dialog\">\n\t\t\t\t<span class=\"tutor-icon-times\" aria-hidden=\"true\"><\/span>\n\t\t\t<\/button>\n\n\t\t\t<div class=\"tutor-modal-body\">\n\t\t\t\t<div class=\"tutor-py-48\">\n\t\t\t\t\t\t\t\t\t\t<div id=\"tutor-login-modal-title\" class=\"tutor-fs-4 tutor-fw-medium tutor-color-black tutor-mb-32\">\u00a1Hola, bienvenido de nuevo!<\/div>\n\t\t\t\t\t<form id=\"tutor-login-form\" method=\"post\">\n\t\t<input type=\"hidden\" id=\"_tutor_nonce\" name=\"_tutor_nonce\" value=\"b36f044714\" \/><input type=\"hidden\" name=\"_wp_http_referer\" value=\"\/es\/wp-json\/wp\/v2\/pages\/24938\" \/>\t<input type=\"hidden\" name=\"tutor_action\" value=\"tutor_user_login\" \/>\n\t<input type=\"hidden\" name=\"redirect_to\" value=\"https:\/\/inveralfa.com\/es\/wp-json\/wp\/v2\/pages\/24938\" \/>\n\n\t<div class=\"tutor-mb-20\">\n\t\t<input type=\"text\" class=\"tutor-form-control\" placeholder=\"Nombre de usuario o correo electr\u00f3nico\" name=\"log\" value=\"\" size=\"20\" required\/>\n\t<\/div>\n\n\t<div class=\"tutor-mb-32\">\n\t\t<input type=\"password\" class=\"tutor-form-control\" placeholder=\"Contrase\u00f1a\" name=\"pwd\" value=\"\" size=\"20\" required\/>\n\t<\/div>\n\n\t<div class=\"tutor-login-error\" role=\"alert\" aria-live=\"polite\"><\/div>\n\t\t\t<input type=\"hidden\" name=\"timezone\" value=\"Europe\/Brussels\" \/>\n\t\t<script>\n\t\t\tdocument.addEventListener('DOMContentLoaded', function() {\n\t\t\t\tconst timezone = document.querySelector('input[name=\"timezone\"]');\n\t\t\t\tif ( timezone) {\n\t\t\t\t\tconst tz = Intl.DateTimeFormat().resolvedOptions().timeZone;\n\t\t\t\t\ttimezone.value = tz\n\t\t\t\t}\n\t\t\t});\n\t\t<\/script>\n\t\t\t<div class=\"tutor-d-flex tutor-justify-between tutor-align-center tutor-mb-40\">\n\t\t<div class=\"tutor-form-check\">\n\t\t\t<input id=\"tutor-login-agmnt-1\" type=\"checkbox\" class=\"tutor-form-check-input tutor-bg-black-40\" name=\"rememberme\" value=\"forever\" \/>\n\t\t\t<label for=\"tutor-login-agmnt-1\" class=\"tutor-fs-7 tutor-color-muted\">\n\t\t\t\tMantenerme conectado\t\t\t<\/label>\n\t\t<\/div>\n\t\t<a href=\"https:\/\/inveralfa.com\/dashboard\/retrieve-password\" class=\"tutor-btn tutor-btn-ghost\">\n\t\t\t\u00bfOlvidaste la contrase\u00f1a?\t\t<\/a>\n\t<\/div>\n\n\t\t<button type=\"submit\" class=\"tutor-btn tutor-btn-primary tutor-btn-block\">\n\t\tAcceder\t<\/button>\n\n\t\t\t\t\t<div class=\"tutor-text-center tutor-fs-6 tutor-color-secondary tutor-mt-20\">\n\t\t\t\u00bfNo tienes una cuenta?&nbsp;\n\t\t\t<a href=\"https:\/\/inveralfa.com\/student-registration\/?redirect_to=https:\/\/inveralfa.com\/es\/wp-json\/wp\/v2\/pages\/24938\" class=\"tutor-btn tutor-btn-link\">\n\t\t\t\tReg\u00edstrate ahora\t\t\t<\/a>\n\t\t<\/div>\n\t\t<\/form>\n<script>\n\tdocument.addEventListener('DOMContentLoaded', function() {\n\t\tvar loginModal = document.querySelector('.tutor-modal.tutor-login-modal');\n\t\tvar errors = [];\n\t\tif (loginModal && errors.length) {\n\t\t\tloginModal.classList.add('tutor-is-active');\n\t\t}\n\t});\n<\/script>\n\n\t\t\t\t\t\t\t\t\t<\/div>\n\t\t\t\t\t\t<style>\n\t\t\t#tutor-pro-twitter-login {\n\t\t\t\twidth: 400px; background-color: #00acee; border-color: #00acee; font-weight: bold;\n\t\t\t}\n\t\t<\/style>\n\t\t<div id=\"tutor-pro-social-authentication\" class=\"tutor-pt-24 tutor-d-flex tutor-flex-column tutor-align-center tutor-border-top-light\" style=\"gap: 10px;\">\n\t\t\t\t\t<\/div>\n\t\t\t\t\t<\/div>\n\t\t<\/div>\n\t<\/div>\n<\/div>\n\t\t\t\t<\/div>\n\t\t\t\t<\/div>\n\t\t\t\t\t<\/div>\n\t\t<\/div>\n\t\t\t\t\t<\/div>\n\t\t<\/section>\n\t\t\t\t<\/div>\n\t\t","protected":false},"excerpt":{"rendered":"<p>Icon-linkedin2 Lola Aparicio Managing Director &#8211; Inveralfa Solutions Group Sobre nosotros Lola Aparicio Palacios es consultora s\u00e9nior en protecci\u00f3n de datos y privacidad, con m\u00e1s de 15 a\u00f1os de experiencia ayudando a las organizaciones a desenvolverse en entornos normativos complejos y a crear marcos de cumplimiento normativos s\u00f3lidos y pr\u00e1cticos. Est\u00e1 especializada en legislaci\u00f3n europea&#8230;<\/p>\n","protected":false},"author":1,"featured_media":0,"parent":0,"menu_order":0,"comment_status":"closed","ping_status":"closed","template":"","meta":{"footnotes":""},"class_list":["post-24938","page","type-page","status-publish","hentry"],"yoast_head":"<!-- This site is optimized with the Yoast SEO plugin v27.5 - https:\/\/yoast.com\/product\/yoast-seo-wordpress\/ -->\n<title>Lola Aparicio - Inveralfa Solutions Group<\/title>\n<meta name=\"robots\" content=\"index, follow, max-snippet:-1, max-image-preview:large, max-video-preview:-1\" \/>\n<link rel=\"canonical\" href=\"https:\/\/inveralfa.com\/es\/lola-aparicio\/\" \/>\n<meta property=\"og:locale\" content=\"es_ES\" \/>\n<meta property=\"og:type\" content=\"article\" \/>\n<meta property=\"og:title\" content=\"Lola Aparicio - Inveralfa Solutions Group\" \/>\n<meta property=\"og:description\" content=\"Icon-linkedin2 Lola Aparicio Managing Director &#8211; Inveralfa Solutions Group Sobre nosotros Lola Aparicio Palacios es consultora s\u00e9nior en protecci\u00f3n de datos y privacidad, con m\u00e1s de 15 a\u00f1os de experiencia ayudando a las organizaciones a desenvolverse en entornos normativos complejos y a crear marcos de cumplimiento normativos s\u00f3lidos y pr\u00e1cticos. Est\u00e1 especializada en legislaci\u00f3n europea&#8230;\" \/>\n<meta property=\"og:url\" content=\"https:\/\/inveralfa.com\/es\/lola-aparicio\/\" \/>\n<meta property=\"og:site_name\" content=\"Inveralfa Solutions Group\" \/>\n<meta property=\"article:modified_time\" content=\"2026-04-27T20:26:22+00:00\" \/>\n<meta property=\"og:image\" content=\"https:\/\/inveralfa.com\/wp-content\/uploads\/2026\/02\/Lola-Aparicio.jpeg\" \/>\n\t<meta property=\"og:image:width\" content=\"200\" \/>\n\t<meta property=\"og:image:height\" content=\"200\" \/>\n\t<meta property=\"og:image:type\" content=\"image\/jpeg\" \/>\n<meta name=\"twitter:card\" content=\"summary_large_image\" \/>\n<meta name=\"twitter:label1\" content=\"Tiempo de lectura\" \/>\n\t<meta name=\"twitter:data1\" content=\"2 minutos\" \/>\n<script type=\"application\/ld+json\" class=\"yoast-schema-graph\">{\"@context\":\"https:\\\/\\\/schema.org\",\"@graph\":[{\"@type\":\"WebPage\",\"@id\":\"https:\\\/\\\/inveralfa.com\\\/es\\\/lola-aparicio\\\/\",\"url\":\"https:\\\/\\\/inveralfa.com\\\/es\\\/lola-aparicio\\\/\",\"name\":\"Lola Aparicio - Inveralfa Solutions Group\",\"isPartOf\":{\"@id\":\"https:\\\/\\\/inveralfa.com\\\/es\\\/#website\"},\"primaryImageOfPage\":{\"@id\":\"https:\\\/\\\/inveralfa.com\\\/es\\\/lola-aparicio\\\/#primaryimage\"},\"image\":{\"@id\":\"https:\\\/\\\/inveralfa.com\\\/es\\\/lola-aparicio\\\/#primaryimage\"},\"thumbnailUrl\":\"https:\\\/\\\/inveralfa.com\\\/wp-content\\\/uploads\\\/2026\\\/02\\\/Lola-Aparicio.jpeg\",\"datePublished\":\"2026-02-04T14:49:38+00:00\",\"dateModified\":\"2026-04-27T20:26:22+00:00\",\"breadcrumb\":{\"@id\":\"https:\\\/\\\/inveralfa.com\\\/es\\\/lola-aparicio\\\/#breadcrumb\"},\"inLanguage\":\"es\",\"potentialAction\":[{\"@type\":\"ReadAction\",\"target\":[\"https:\\\/\\\/inveralfa.com\\\/es\\\/lola-aparicio\\\/\"]}]},{\"@type\":\"ImageObject\",\"inLanguage\":\"es\",\"@id\":\"https:\\\/\\\/inveralfa.com\\\/es\\\/lola-aparicio\\\/#primaryimage\",\"url\":\"https:\\\/\\\/inveralfa.com\\\/wp-content\\\/uploads\\\/2026\\\/02\\\/Lola-Aparicio.jpeg\",\"contentUrl\":\"https:\\\/\\\/inveralfa.com\\\/wp-content\\\/uploads\\\/2026\\\/02\\\/Lola-Aparicio.jpeg\"},{\"@type\":\"BreadcrumbList\",\"@id\":\"https:\\\/\\\/inveralfa.com\\\/es\\\/lola-aparicio\\\/#breadcrumb\",\"itemListElement\":[{\"@type\":\"ListItem\",\"position\":1,\"name\":\"Home\",\"item\":\"https:\\\/\\\/inveralfa.com\\\/es\\\/\"},{\"@type\":\"ListItem\",\"position\":2,\"name\":\"Lola Aparicio\"}]},{\"@type\":\"WebSite\",\"@id\":\"https:\\\/\\\/inveralfa.com\\\/es\\\/#website\",\"url\":\"https:\\\/\\\/inveralfa.com\\\/es\\\/\",\"name\":\"Inveralfa Solutions Group\",\"description\":\"Strategic Consulting and Training Solutions from Luxembourg\",\"publisher\":{\"@id\":\"https:\\\/\\\/inveralfa.com\\\/es\\\/#organization\"},\"potentialAction\":[{\"@type\":\"SearchAction\",\"target\":{\"@type\":\"EntryPoint\",\"urlTemplate\":\"https:\\\/\\\/inveralfa.com\\\/es\\\/?s={search_term_string}\"},\"query-input\":{\"@type\":\"PropertyValueSpecification\",\"valueRequired\":true,\"valueName\":\"search_term_string\"}}],\"inLanguage\":\"es\"},{\"@type\":\"Organization\",\"@id\":\"https:\\\/\\\/inveralfa.com\\\/es\\\/#organization\",\"name\":\"Inveralfa Solutions Group\",\"url\":\"https:\\\/\\\/inveralfa.com\\\/es\\\/\",\"logo\":{\"@type\":\"ImageObject\",\"inLanguage\":\"es\",\"@id\":\"https:\\\/\\\/inveralfa.com\\\/es\\\/#\\\/schema\\\/logo\\\/image\\\/\",\"url\":\"https:\\\/\\\/inveralfa.com\\\/wp-content\\\/uploads\\\/2026\\\/02\\\/cropped-Inveralfa-1-e1775120973599.png\",\"contentUrl\":\"https:\\\/\\\/inveralfa.com\\\/wp-content\\\/uploads\\\/2026\\\/02\\\/cropped-Inveralfa-1-e1775120973599.png\",\"width\":150,\"height\":49,\"caption\":\"Inveralfa Solutions Group\"},\"image\":{\"@id\":\"https:\\\/\\\/inveralfa.com\\\/es\\\/#\\\/schema\\\/logo\\\/image\\\/\"}}]}<\/script>\n<!-- \/ Yoast SEO plugin. -->","yoast_head_json":{"title":"Lola Aparicio - Inveralfa Solutions Group","robots":{"index":"index","follow":"follow","max-snippet":"max-snippet:-1","max-image-preview":"max-image-preview:large","max-video-preview":"max-video-preview:-1"},"canonical":"https:\/\/inveralfa.com\/es\/lola-aparicio\/","og_locale":"es_ES","og_type":"article","og_title":"Lola Aparicio - Inveralfa Solutions Group","og_description":"Icon-linkedin2 Lola Aparicio Managing Director &#8211; Inveralfa Solutions Group Sobre nosotros Lola Aparicio Palacios es consultora s\u00e9nior en protecci\u00f3n de datos y privacidad, con m\u00e1s de 15 a\u00f1os de experiencia ayudando a las organizaciones a desenvolverse en entornos normativos complejos y a crear marcos de cumplimiento normativos s\u00f3lidos y pr\u00e1cticos. Est\u00e1 especializada en legislaci\u00f3n europea&#8230;","og_url":"https:\/\/inveralfa.com\/es\/lola-aparicio\/","og_site_name":"Inveralfa Solutions Group","article_modified_time":"2026-04-27T20:26:22+00:00","og_image":[{"width":200,"height":200,"url":"https:\/\/inveralfa.com\/wp-content\/uploads\/2026\/02\/Lola-Aparicio.jpeg","type":"image\/jpeg"}],"twitter_card":"summary_large_image","twitter_misc":{"Tiempo de lectura":"2 minutos"},"schema":{"@context":"https:\/\/schema.org","@graph":[{"@type":"WebPage","@id":"https:\/\/inveralfa.com\/es\/lola-aparicio\/","url":"https:\/\/inveralfa.com\/es\/lola-aparicio\/","name":"Lola Aparicio - Inveralfa Solutions Group","isPartOf":{"@id":"https:\/\/inveralfa.com\/es\/#website"},"primaryImageOfPage":{"@id":"https:\/\/inveralfa.com\/es\/lola-aparicio\/#primaryimage"},"image":{"@id":"https:\/\/inveralfa.com\/es\/lola-aparicio\/#primaryimage"},"thumbnailUrl":"https:\/\/inveralfa.com\/wp-content\/uploads\/2026\/02\/Lola-Aparicio.jpeg","datePublished":"2026-02-04T14:49:38+00:00","dateModified":"2026-04-27T20:26:22+00:00","breadcrumb":{"@id":"https:\/\/inveralfa.com\/es\/lola-aparicio\/#breadcrumb"},"inLanguage":"es","potentialAction":[{"@type":"ReadAction","target":["https:\/\/inveralfa.com\/es\/lola-aparicio\/"]}]},{"@type":"ImageObject","inLanguage":"es","@id":"https:\/\/inveralfa.com\/es\/lola-aparicio\/#primaryimage","url":"https:\/\/inveralfa.com\/wp-content\/uploads\/2026\/02\/Lola-Aparicio.jpeg","contentUrl":"https:\/\/inveralfa.com\/wp-content\/uploads\/2026\/02\/Lola-Aparicio.jpeg"},{"@type":"BreadcrumbList","@id":"https:\/\/inveralfa.com\/es\/lola-aparicio\/#breadcrumb","itemListElement":[{"@type":"ListItem","position":1,"name":"Home","item":"https:\/\/inveralfa.com\/es\/"},{"@type":"ListItem","position":2,"name":"Lola Aparicio"}]},{"@type":"WebSite","@id":"https:\/\/inveralfa.com\/es\/#website","url":"https:\/\/inveralfa.com\/es\/","name":"Inveralfa Solutions Group","description":"Strategic Consulting and Training Solutions from Luxembourg","publisher":{"@id":"https:\/\/inveralfa.com\/es\/#organization"},"potentialAction":[{"@type":"SearchAction","target":{"@type":"EntryPoint","urlTemplate":"https:\/\/inveralfa.com\/es\/?s={search_term_string}"},"query-input":{"@type":"PropertyValueSpecification","valueRequired":true,"valueName":"search_term_string"}}],"inLanguage":"es"},{"@type":"Organization","@id":"https:\/\/inveralfa.com\/es\/#organization","name":"Inveralfa Solutions Group","url":"https:\/\/inveralfa.com\/es\/","logo":{"@type":"ImageObject","inLanguage":"es","@id":"https:\/\/inveralfa.com\/es\/#\/schema\/logo\/image\/","url":"https:\/\/inveralfa.com\/wp-content\/uploads\/2026\/02\/cropped-Inveralfa-1-e1775120973599.png","contentUrl":"https:\/\/inveralfa.com\/wp-content\/uploads\/2026\/02\/cropped-Inveralfa-1-e1775120973599.png","width":150,"height":49,"caption":"Inveralfa Solutions Group"},"image":{"@id":"https:\/\/inveralfa.com\/es\/#\/schema\/logo\/image\/"}}]}},"_links":{"self":[{"href":"https:\/\/inveralfa.com\/es\/wp-json\/wp\/v2\/pages\/24938","targetHints":{"allow":["GET"]}}],"collection":[{"href":"https:\/\/inveralfa.com\/es\/wp-json\/wp\/v2\/pages"}],"about":[{"href":"https:\/\/inveralfa.com\/es\/wp-json\/wp\/v2\/types\/page"}],"author":[{"embeddable":true,"href":"https:\/\/inveralfa.com\/es\/wp-json\/wp\/v2\/users\/1"}],"replies":[{"embeddable":true,"href":"https:\/\/inveralfa.com\/es\/wp-json\/wp\/v2\/comments?post=24938"}],"version-history":[{"count":1,"href":"https:\/\/inveralfa.com\/es\/wp-json\/wp\/v2\/pages\/24938\/revisions"}],"predecessor-version":[{"id":24939,"href":"https:\/\/inveralfa.com\/es\/wp-json\/wp\/v2\/pages\/24938\/revisions\/24939"}],"wp:attachment":[{"href":"https:\/\/inveralfa.com\/es\/wp-json\/wp\/v2\/media?parent=24938"}],"curies":[{"name":"wp","href":"https:\/\/api.w.org\/{rel}","templated":true}]}}